{"id":10095,"date":"2015-05-27T14:35:47","date_gmt":"2015-05-27T12:35:47","guid":{"rendered":"https:\/\/www.on-course.de\/professional-experience\/"},"modified":"2024-11-16T10:05:05","modified_gmt":"2024-11-16T09:05:05","slug":"professional-experience","status":"publish","type":"page","link":"https:\/\/www.on-course.de\/en\/professional-experience\/","title":{"rendered":"Professional experience"},"content":{"rendered":"\t\t<div data-elementor-type=\"wp-page\" data-elementor-id=\"10095\" class=\"elementor elementor-10095 elementor-2440\" data-elementor-post-type=\"page\">\n\t\t\t\t<div class=\"elementor-element elementor-element-beff3b7 e-flex e-con-boxed e-con e-parent\" data-id=\"beff3b7\" data-element_type=\"container\" data-e-type=\"container\">\n\t\t\t\t\t<div class=\"e-con-inner\">\n\t\t\t\t<div class=\"elementor-element elementor-element-583e7cfe elementor-widget elementor-widget-text-editor\" data-id=\"583e7cfe\" data-element_type=\"widget\" data-e-type=\"widget\" data-widget_type=\"text-editor.default\">\n\t\t\t\t<div class=\"elementor-widget-container\">\n\t\t\t\t\t\t\t\t\t<h1>Christl Lang<\/h1><p>Sie ist seit \u00fcber zwei Jahrzehnten als Business-Trainerin &amp; Coach f\u00fcr Unternehmen, F\u00fchrungskr\u00e4fte und deren Teams mit viel Herz und Elan im Einsatz. Ihre Kunden kommen aus der Wissenschaft, Technik, Medizin sowie zahlreichen weiteren Feldern der Wirtschaft und Industrie.<\/p><p>Langj\u00e4hrige Berufserfahrung in verschiedenen Bereichen, u.a. als Inhaberin einer Personalagentur f\u00fcr IT-Unternehmen der Medienbranche und Gr\u00fcnderin des Trainingsinstituts On Course &amp; Partner, haben ihr gezeigt, wie wichtig der Faktor Mensch f\u00fcr den langfristigen Erfolg von Menschen und Unternehmen ist.<\/p><p>Als zertifizierte Master Business Trainerin, Systemische Beraterin und Coach | Master of Business Communication sowie Train-the-Trainer-Coach liegt ihr Fokus auf der Zukunft und praxiserprobten L\u00f6sungen.<br \/>Ihre interaktiven Leadership-, Kommunikations-, Pr\u00e4sentations- und Social Skills-Programme f\u00fchrt sie sowohl online als auch vor Ort in deutscher und englischer Sprache durch.<\/p><p>Die geb\u00fcrtige Deutsche lebte drei Jahrzehnte in M\u00fcnchen, davon zwei Jahre in Kalifornien und ist seit 2012 in der wundersch\u00f6nen Zentralschweiz zu Hause.<\/p><p>Wenn Sie Fragen haben oder mehr Informationen w\u00fcnschen, freut sie sich auf Ihre Kontaktaufnahme.<\/p><h1><strong>Die beruflichen Stationen<\/strong><\/h1><p><strong>Inhaberin<\/strong> 1992 bis heute<\/p><p><strong>On Course &amp; Partner\u00ae &#8211;\u00a0Institut f\u00fcr Potentialentwicklung<\/strong><br \/>Konzeption und Durchf\u00fchrung von offenen Seminaren, Firmentrainings<br \/>und Coachings f\u00fcr Inhaber, F\u00fchrungskr\u00e4fte, Mitarbeiter &amp; Teams<br \/>Davon 15 Jahre exklusiv bei der BMW Group sowie viele weitere namhafte Unternehmen<\/p><p><strong>Gesch\u00e4ftsf\u00fchrende Gesellschafterin <\/strong>2000 bis 2007<br \/><strong>Professional IT Services GmbH (Personal- und\u00a0Unternehmensberatung)<\/strong><br \/>Kunden u.a.:\u00a0Pro7, RTL, Premiere, SAT1, HOT<\/p><p><strong>Freiberufliche IT-Anwender-Trainerin<\/strong> 1989 bis 1993<br \/>Deutsche Welle K\u00f6ln, BMG Ariola, Digital Equipment, Softlab, TRIA IT-training<\/p><p><strong>Gro\u00dfkundenbetreuung sowie Produktschulungen<\/strong><br \/><strong>Marketing- und Vertrieb<\/strong> 1989 \u2013 1990<br \/>Neusiedler Deutschland GmbH<\/p><p><strong>Heilpraktikerausbildung und Zulassung<\/strong> 1989 \u2013 1990<\/p><p><strong>Eventmanagement<\/strong> 1987 \u2013 1989<br \/><strong>Organisation und Durchf\u00fchrung von Messen, Kongressen, Symposien sowie Pressebetreuung<\/strong><br \/>Bayerische Architektenkammer, Akademie f\u00fcr Fort- und Weiterbildung<\/p><p><strong>Marketing &amp; Pressebetreuung<\/strong> 1986 \u2013 1987<br \/>Presseb\u00fcro Peter Sechehaye<\/p><p><strong>Mitglieder- und Pressebetreuung<\/strong> 1980 \u2013 1985<br \/><strong>Planung und Betreuung von Mitgliederveranstaltungen<\/strong><br \/>Bund der Steuerzahler in Bayern e.V.<\/p><p>\u00a0<\/p>\t\t\t\t\t\t\t\t<\/div>\n\t\t\t\t<\/div>\n\t\t\t\t\t<\/div>\n\t\t\t\t<\/div>\n\t\t\t\t<\/div>\n\t\t","protected":false},"excerpt":{"rendered":"<p>Christl Lang She has been working as a business trainer and coach for companies, managers and their teams for over two decades with a lot of heart and enthusiasm. Its customers come from the fields of science, technology, medicine and numerous other areas of business and industry. Many years of professional experience in various areas, [&hellip;]<\/p>\n","protected":false},"author":2,"featured_media":9752,"parent":0,"menu_order":0,"comment_status":"closed","ping_status":"closed","template":"","meta":{"_crdt_document":"","content-type":"","footnotes":""},"class_list":["post-10095","page","type-page","status-publish","has-post-thumbnail","hentry"],"yoast_head":"<!-- This site is optimized with the Yoast SEO plugin v27.5 - https:\/\/yoast.com\/product\/yoast-seo-wordpress\/ -->\n<title>Career stages of Christl Lang<\/title>\n<meta name=\"description\" content=\"As a business facilitator expert, I support companies and their employees in recognizing and safely implementing coherent goals.\" \/>\n<meta name=\"robots\" content=\"index, follow, max-snippet:-1, max-image-preview:large, max-video-preview:-1\" \/>\n<link rel=\"canonical\" href=\"https:\/\/www.on-course.de\/en\/professional-experience\/\" \/>\n<meta property=\"og:locale\" content=\"en_US\" \/>\n<meta property=\"og:type\" content=\"article\" \/>\n<meta property=\"og:title\" content=\"Career stages of Christl Lang\" \/>\n<meta property=\"og:description\" content=\"As a business facilitator expert, I support companies and their employees in recognizing and safely implementing coherent goals.\" \/>\n<meta property=\"og:url\" content=\"https:\/\/www.on-course.de\/en\/professional-experience\/\" \/>\n<meta property=\"og:site_name\" content=\"On Course\" \/>\n<meta property=\"article:publisher\" content=\"https:\/\/www.facebook.com\/oncourseCH\" \/>\n<meta property=\"article:modified_time\" content=\"2024-11-16T09:05:05+00:00\" \/>\n<meta property=\"og:image\" content=\"https:\/\/www.on-course.de\/wp-content\/uploads\/2017\/12\/pier-569314_1920.jpg\" \/>\n\t<meta property=\"og:image:width\" content=\"924\" \/>\n\t<meta property=\"og:image:height\" content=\"616\" \/>\n\t<meta property=\"og:image:type\" content=\"image\/jpeg\" \/>\n<meta name=\"twitter:card\" content=\"summary_large_image\" \/>\n<meta name=\"twitter:site\" content=\"@ChristlLang\" \/>\n<meta name=\"twitter:label1\" content=\"Est. reading time\" \/>\n\t<meta name=\"twitter:data1\" content=\"2 minutes\" \/>\n<script type=\"application\/ld+json\" class=\"yoast-schema-graph\">{\"@context\":\"https:\\\/\\\/schema.org\",\"@graph\":[{\"@type\":\"WebPage\",\"@id\":\"https:\\\/\\\/www.on-course.de\\\/en\\\/professional-experience\\\/\",\"url\":\"https:\\\/\\\/www.on-course.de\\\/en\\\/professional-experience\\\/\",\"name\":\"Career stages of Christl Lang\",\"isPartOf\":{\"@id\":\"https:\\\/\\\/www.on-course.de\\\/en\\\/#website\"},\"primaryImageOfPage\":{\"@id\":\"https:\\\/\\\/www.on-course.de\\\/en\\\/professional-experience\\\/#primaryimage\"},\"image\":{\"@id\":\"https:\\\/\\\/www.on-course.de\\\/en\\\/professional-experience\\\/#primaryimage\"},\"thumbnailUrl\":\"https:\\\/\\\/i0.wp.com\\\/www.on-course.de\\\/wp-content\\\/uploads\\\/2017\\\/12\\\/pier-569314_1920.jpg?fit=924%2C616&ssl=1\",\"datePublished\":\"2015-05-27T12:35:47+00:00\",\"dateModified\":\"2024-11-16T09:05:05+00:00\",\"description\":\"As a business facilitator expert, I support companies and their employees in recognizing and safely implementing coherent goals.\",\"breadcrumb\":{\"@id\":\"https:\\\/\\\/www.on-course.de\\\/en\\\/professional-experience\\\/#breadcrumb\"},\"inLanguage\":\"en-US\",\"potentialAction\":[{\"@type\":\"ReadAction\",\"target\":[\"https:\\\/\\\/www.on-course.de\\\/en\\\/professional-experience\\\/\"]}]},{\"@type\":\"ImageObject\",\"inLanguage\":\"en-US\",\"@id\":\"https:\\\/\\\/www.on-course.de\\\/en\\\/professional-experience\\\/#primaryimage\",\"url\":\"https:\\\/\\\/i0.wp.com\\\/www.on-course.de\\\/wp-content\\\/uploads\\\/2017\\\/12\\\/pier-569314_1920.jpg?fit=924%2C616&ssl=1\",\"contentUrl\":\"https:\\\/\\\/i0.wp.com\\\/www.on-course.de\\\/wp-content\\\/uploads\\\/2017\\\/12\\\/pier-569314_1920.jpg?fit=924%2C616&ssl=1\",\"width\":924,\"height\":616},{\"@type\":\"BreadcrumbList\",\"@id\":\"https:\\\/\\\/www.on-course.de\\\/en\\\/professional-experience\\\/#breadcrumb\",\"itemListElement\":[{\"@type\":\"ListItem\",\"position\":1,\"name\":\"Home\",\"item\":\"https:\\\/\\\/www.on-course.de\\\/en\\\/professional-business-coaching-and-coaching\\\/\"},{\"@type\":\"ListItem\",\"position\":2,\"name\":\"Professional experience\"}]},{\"@type\":\"WebSite\",\"@id\":\"https:\\\/\\\/www.on-course.de\\\/en\\\/#website\",\"url\":\"https:\\\/\\\/www.on-course.de\\\/en\\\/\",\"name\":\"On Course & Partner\",\"description\":\"\",\"publisher\":{\"@id\":\"https:\\\/\\\/www.on-course.de\\\/en\\\/#organization\"},\"potentialAction\":[{\"@type\":\"SearchAction\",\"target\":{\"@type\":\"EntryPoint\",\"urlTemplate\":\"https:\\\/\\\/www.on-course.de\\\/en\\\/?s={search_term_string}\"},\"query-input\":{\"@type\":\"PropertyValueSpecification\",\"valueRequired\":true,\"valueName\":\"search_term_string\"}}],\"inLanguage\":\"en-US\"},{\"@type\":\"Organization\",\"@id\":\"https:\\\/\\\/www.on-course.de\\\/en\\\/#organization\",\"name\":\"On Course & Partner\",\"url\":\"https:\\\/\\\/www.on-course.de\\\/en\\\/\",\"logo\":{\"@type\":\"ImageObject\",\"inLanguage\":\"en-US\",\"@id\":\"https:\\\/\\\/www.on-course.de\\\/en\\\/#\\\/schema\\\/logo\\\/image\\\/\",\"url\":\"https:\\\/\\\/www.on-course.de\\\/wp-content\\\/uploads\\\/2017\\\/12\\\/cropped-Logo_550x250.jpg\",\"contentUrl\":\"https:\\\/\\\/www.on-course.de\\\/wp-content\\\/uploads\\\/2017\\\/12\\\/cropped-Logo_550x250.jpg\",\"width\":492,\"height\":107,\"caption\":\"On Course & Partner\"},\"image\":{\"@id\":\"https:\\\/\\\/www.on-course.de\\\/en\\\/#\\\/schema\\\/logo\\\/image\\\/\"},\"sameAs\":[\"https:\\\/\\\/www.facebook.com\\\/oncourseCH\",\"https:\\\/\\\/x.com\\\/ChristlLang\",\"https:\\\/\\\/www.instagram.com\\\/christl.lang\\\/\",\"https:\\\/\\\/www.linkedin.com\\\/in\\\/christlang\\\/\",\"https:\\\/\\\/www.youtube.com\\\/playlist?list=PLOJzYCuTaN6Yv3IgRMTg60AZuwBsqgm81\"]}]}<\/script>\n<!-- \/ Yoast SEO plugin. -->","yoast_head_json":{"title":"Career stages of Christl Lang","description":"As a business facilitator expert, I support companies and their employees in recognizing and safely implementing coherent goals.","robots":{"index":"index","follow":"follow","max-snippet":"max-snippet:-1","max-image-preview":"max-image-preview:large","max-video-preview":"max-video-preview:-1"},"canonical":"https:\/\/www.on-course.de\/en\/professional-experience\/","og_locale":"en_US","og_type":"article","og_title":"Career stages of Christl Lang","og_description":"As a business facilitator expert, I support companies and their employees in recognizing and safely implementing coherent goals.","og_url":"https:\/\/www.on-course.de\/en\/professional-experience\/","og_site_name":"On Course","article_publisher":"https:\/\/www.facebook.com\/oncourseCH","article_modified_time":"2024-11-16T09:05:05+00:00","og_image":[{"width":924,"height":616,"url":"https:\/\/www.on-course.de\/wp-content\/uploads\/2017\/12\/pier-569314_1920.jpg","type":"image\/jpeg"}],"twitter_card":"summary_large_image","twitter_site":"@ChristlLang","twitter_misc":{"Est. reading time":"2 minutes"},"schema":{"@context":"https:\/\/schema.org","@graph":[{"@type":"WebPage","@id":"https:\/\/www.on-course.de\/en\/professional-experience\/","url":"https:\/\/www.on-course.de\/en\/professional-experience\/","name":"Career stages of Christl Lang","isPartOf":{"@id":"https:\/\/www.on-course.de\/en\/#website"},"primaryImageOfPage":{"@id":"https:\/\/www.on-course.de\/en\/professional-experience\/#primaryimage"},"image":{"@id":"https:\/\/www.on-course.de\/en\/professional-experience\/#primaryimage"},"thumbnailUrl":"https:\/\/i0.wp.com\/www.on-course.de\/wp-content\/uploads\/2017\/12\/pier-569314_1920.jpg?fit=924%2C616&ssl=1","datePublished":"2015-05-27T12:35:47+00:00","dateModified":"2024-11-16T09:05:05+00:00","description":"As a business facilitator expert, I support companies and their employees in recognizing and safely implementing coherent goals.","breadcrumb":{"@id":"https:\/\/www.on-course.de\/en\/professional-experience\/#breadcrumb"},"inLanguage":"en-US","potentialAction":[{"@type":"ReadAction","target":["https:\/\/www.on-course.de\/en\/professional-experience\/"]}]},{"@type":"ImageObject","inLanguage":"en-US","@id":"https:\/\/www.on-course.de\/en\/professional-experience\/#primaryimage","url":"https:\/\/i0.wp.com\/www.on-course.de\/wp-content\/uploads\/2017\/12\/pier-569314_1920.jpg?fit=924%2C616&ssl=1","contentUrl":"https:\/\/i0.wp.com\/www.on-course.de\/wp-content\/uploads\/2017\/12\/pier-569314_1920.jpg?fit=924%2C616&ssl=1","width":924,"height":616},{"@type":"BreadcrumbList","@id":"https:\/\/www.on-course.de\/en\/professional-experience\/#breadcrumb","itemListElement":[{"@type":"ListItem","position":1,"name":"Home","item":"https:\/\/www.on-course.de\/en\/professional-business-coaching-and-coaching\/"},{"@type":"ListItem","position":2,"name":"Professional experience"}]},{"@type":"WebSite","@id":"https:\/\/www.on-course.de\/en\/#website","url":"https:\/\/www.on-course.de\/en\/","name":"On Course & Partner","description":"","publisher":{"@id":"https:\/\/www.on-course.de\/en\/#organization"},"potentialAction":[{"@type":"SearchAction","target":{"@type":"EntryPoint","urlTemplate":"https:\/\/www.on-course.de\/en\/?s={search_term_string}"},"query-input":{"@type":"PropertyValueSpecification","valueRequired":true,"valueName":"search_term_string"}}],"inLanguage":"en-US"},{"@type":"Organization","@id":"https:\/\/www.on-course.de\/en\/#organization","name":"On Course & Partner","url":"https:\/\/www.on-course.de\/en\/","logo":{"@type":"ImageObject","inLanguage":"en-US","@id":"https:\/\/www.on-course.de\/en\/#\/schema\/logo\/image\/","url":"https:\/\/www.on-course.de\/wp-content\/uploads\/2017\/12\/cropped-Logo_550x250.jpg","contentUrl":"https:\/\/www.on-course.de\/wp-content\/uploads\/2017\/12\/cropped-Logo_550x250.jpg","width":492,"height":107,"caption":"On Course & Partner"},"image":{"@id":"https:\/\/www.on-course.de\/en\/#\/schema\/logo\/image\/"},"sameAs":["https:\/\/www.facebook.com\/oncourseCH","https:\/\/x.com\/ChristlLang","https:\/\/www.instagram.com\/christl.lang\/","https:\/\/www.linkedin.com\/in\/christlang\/","https:\/\/www.youtube.com\/playlist?list=PLOJzYCuTaN6Yv3IgRMTg60AZuwBsqgm81"]}]}},"_links":{"self":[{"href":"https:\/\/www.on-course.de\/en\/wp-json\/wp\/v2\/pages\/10095","targetHints":{"allow":["GET"]}}],"collection":[{"href":"https:\/\/www.on-course.de\/en\/wp-json\/wp\/v2\/pages"}],"about":[{"href":"https:\/\/www.on-course.de\/en\/wp-json\/wp\/v2\/types\/page"}],"author":[{"embeddable":true,"href":"https:\/\/www.on-course.de\/en\/wp-json\/wp\/v2\/users\/2"}],"replies":[{"embeddable":true,"href":"https:\/\/www.on-course.de\/en\/wp-json\/wp\/v2\/comments?post=10095"}],"version-history":[{"count":2,"href":"https:\/\/www.on-course.de\/en\/wp-json\/wp\/v2\/pages\/10095\/revisions"}],"predecessor-version":[{"id":10924,"href":"https:\/\/www.on-course.de\/en\/wp-json\/wp\/v2\/pages\/10095\/revisions\/10924"}],"wp:featuredmedia":[{"embeddable":true,"href":"https:\/\/www.on-course.de\/en\/wp-json\/wp\/v2\/media\/9752"}],"wp:attachment":[{"href":"https:\/\/www.on-course.de\/en\/wp-json\/wp\/v2\/media?parent=10095"}],"curies":[{"name":"wp","href":"https:\/\/api.w.org\/{rel}","templated":true}]}}