{"id":10085,"date":"2023-04-30T09:15:43","date_gmt":"2023-04-30T07:15:43","guid":{"rendered":"https:\/\/www.on-course.de\/confirmation-of-registration-convince-competently-as-a-woman-in-a-mans-world-and-be-well-received\/"},"modified":"2024-07-22T16:58:48","modified_gmt":"2024-07-22T14:58:48","slug":"confirmation-of-registration-convince-competently-as-a-woman-in-a-mans-world-and-be-well-received","status":"publish","type":"page","link":"https:\/\/www.on-course.de\/en\/confirmation-of-registration-convince-competently-as-a-woman-in-a-mans-world-and-be-well-received\/","title":{"rendered":"Confirmation of registration &#8220;Convince competently as a woman in a man&#8217;s world and be well received!&#8221;"},"content":{"rendered":"&#13;\n<p class=\"wp-block-paragraph\">That worked. You are there! I am very pleased about your trust! Your <strong>place in the two-day online workshop is reserved for you<\/strong>.<\/p>&#13;\n<p>The online workshop lasts from June 01, 2023 to June 02, 2023. We will meet online on both days at 09:00 h and work in a varied and interactive way until approx. 17:00 h &#8211; with a 60-minute break in between. <strong>The Zoom invitation to the online workshop will be sent to you by separate email. <\/strong> <\/p>&#13;\n<p>You will receive a <strong>comprehensive questionnaire<\/strong> approx. <strong>14 days beforehand<\/strong>. Here you can describe your previous knowledge and individual objectives, wishes and expectations. This helps me &#8211; and you too &#8211; to prepare for the two intensive online days in the workshop even better.  <\/p>&#13;\n<h2>Tipps f\u00fcr einen guten Start<\/h2>&#13;\n<p>Below you will find a brief summary of how we work and what is required in advance:<\/p>&#13;\n&#13;\n<ol>&#13;\n<li>Idealer Weise loggen Sie sich mit dem Browser &#8220;<strong>Google Chrome<\/strong>&#8221; ein. Dieses Programm funktioniert meist am besten. Andere Programme kommen in Online-Sessions \u00f6fter mal an ihre Grenzen.\u00a0<\/li>&#13;\n<li>Im Workshop werden wir sehr interaktiv arbeiten. Daher ben\u00f6tigen Sie eine <strong>Kamera sowie ein Mikrofon<\/strong> bzw. Kopfh\u00f6rer mit Mikrofon.<\/li>&#13;\n<li>Die <strong>Workshops werden aufgezeichnet und stehen Ihnen kurz nach Beendigung des Workshops 24\/7 jederzeit zur Verf\u00fcgung<\/strong>. Falls Sie an einem Termin nicht dabei sein k\u00f6nnen, finden Sie auf diese Weise wieder den Anschlu\u00df.\u00a0<\/li>&#13;\n<li><strong>W\u00e4hrend der Workshop-Zeiten sind Sie best\u00e4ndig aktiv im Programm eingebunden<\/strong> und k\u00f6nnen daher nur bedingt &#8220;Dinge nebenbei bew\u00e4ltigen&#8221;. Deshalb hat es sich bew\u00e4hrt, <strong>s\u00e4mtliche Kommunikationskan\u00e4le auf &#8220;snooze&#8221;, also stumm zu schalten<\/strong>. Sollten Sie mit dem <strong>W-Lan im Netz sein, hat es sich bew\u00e4hrt das iphone in den Flugmodus zu versetzen<\/strong>, da anderenfalls bei ankommenden Anrufen und Mails Ihre Verbindung im Workshop darunter leidet.\u00a0<\/li>&#13;\n<li>Um Ihnen ein <strong>H\u00f6chstma\u00df an gesch\u00fctzter Austausch-Atmosph\u00e4re<\/strong> zu erm\u00f6glichen, werden wir auf Einhaltung der Verschwiegenheit achten. <strong>Im Kurs werden wir uns daher mit Du und Vornamen ansprechen<\/strong>. Im Bedarfsfall benennen wir allenfalls die Branchen und T\u00e4tigkeitsfelder. <strong>Ob und wem Sie dar\u00fcber hinaus Ihre berufliche Identit\u00e4t sowie Kontaktdaten preisgeben, obliegt allein in Ihrem Entscheidungsbereich.\u00a0<\/strong><\/li>&#13;\n<li>Ich hoffe, dass diese Informationen f\u00fcr Sie einstweilen ausreichen. Alles andere besprechen wir dann direkt und online am 01. Juni um 09:00 h.\u00a0<\/li><\/ol>&#13;\n<li id=\"block-5b598bac-70ec-4cf7-8262-a4ff51cc3bbc\"><a href=\"https:\/\/www.on-course.de\/kontakt\/\" target=\"_blank\" rel=\"noreferrer noopener\">Falls dar\u00fcber hinaus noch weitere Fragen auftauchen oder Sie erg\u00e4nzende Informationen w\u00fcnschen, so freue ich mich jederzeit auf Ihre Nachricht.<\/a><\/li>&#13;\n&#13;\n&#13;\n<p class=\"wp-block-paragraph\" id=\"block-43404b49-d4ef-40b6-983e-c9f64c2ebd78\">I hope you have a good time until we meet and I am already looking forward to getting to know you and sharing all the exciting information with you.<\/p>&#13;\n<p><\/p>\r\n&#13;\n<p class=\"wp-block-paragraph\" id=\"block-44ff2221-47e9-4025-98d9-1d88f47a8a1f\">With best regards from Switzerland<\/p>&#13;\n&#13;\n<p class=\"wp-block-paragraph\" id=\"block-47581c91-a7ca-468c-8e44-8091ee02fe93\">Christl Lang<\/p>&#13;\n","protected":false},"excerpt":{"rendered":"<p>&#13; That worked. You are there! I am very pleased about your trust! Your place in the two-day online workshop is reserved for you. &#13; The online workshop lasts from June 01, 2023 to June 02, 2023. We will meet online on both days at 09:00 h and work in a varied and interactive way [&hellip;]<\/p>\n","protected":false},"author":2,"featured_media":0,"parent":0,"menu_order":0,"comment_status":"closed","ping_status":"closed","template":"","meta":{"_crdt_document":"","content-type":"","footnotes":""},"class_list":["post-10085","page","type-page","status-publish","hentry"],"yoast_head":"<!-- This site is optimized with the Yoast SEO plugin v27.5 - https:\/\/yoast.com\/product\/yoast-seo-wordpress\/ -->\n<title>Confirmation of registration &quot;Convince competently as a woman in a man&#039;s world and be well received!&quot; - On Course<\/title>\n<meta name=\"robots\" content=\"index, follow, max-snippet:-1, max-image-preview:large, max-video-preview:-1\" \/>\n<link rel=\"canonical\" href=\"https:\/\/www.on-course.de\/en\/confirmation-of-registration-convince-competently-as-a-woman-in-a-mans-world-and-be-well-received\/\" \/>\n<meta property=\"og:locale\" content=\"en_US\" \/>\n<meta property=\"og:type\" content=\"article\" \/>\n<meta property=\"og:title\" content=\"Confirmation of registration &quot;Convince competently as a woman in a man&#039;s world and be well received!&quot; - On Course\" \/>\n<meta property=\"og:description\" content=\"&#013; That worked. You are there! I am very pleased about your trust! Your place in the two-day online workshop is reserved for you. &#013; The online workshop lasts from June 01, 2023 to June 02, 2023. We will meet online on both days at 09:00 h and work in a varied and interactive way [&hellip;]\" \/>\n<meta property=\"og:url\" content=\"https:\/\/www.on-course.de\/en\/confirmation-of-registration-convince-competently-as-a-woman-in-a-mans-world-and-be-well-received\/\" \/>\n<meta property=\"og:site_name\" content=\"On Course\" \/>\n<meta property=\"article:publisher\" content=\"https:\/\/www.facebook.com\/oncourseCH\" \/>\n<meta property=\"article:modified_time\" content=\"2024-07-22T14:58:48+00:00\" \/>\n<meta name=\"twitter:card\" content=\"summary_large_image\" \/>\n<meta name=\"twitter:site\" content=\"@ChristlLang\" \/>\n<meta name=\"twitter:label1\" content=\"Est. reading time\" \/>\n\t<meta name=\"twitter:data1\" content=\"2 minutes\" \/>\n<script type=\"application\/ld+json\" class=\"yoast-schema-graph\">{\"@context\":\"https:\\\/\\\/schema.org\",\"@graph\":[{\"@type\":\"WebPage\",\"@id\":\"https:\\\/\\\/www.on-course.de\\\/en\\\/confirmation-of-registration-convince-competently-as-a-woman-in-a-mans-world-and-be-well-received\\\/\",\"url\":\"https:\\\/\\\/www.on-course.de\\\/en\\\/confirmation-of-registration-convince-competently-as-a-woman-in-a-mans-world-and-be-well-received\\\/\",\"name\":\"Confirmation of registration \\\"Convince competently as a woman in a man's world and be well received!\\\" - On Course\",\"isPartOf\":{\"@id\":\"https:\\\/\\\/www.on-course.de\\\/en\\\/#website\"},\"datePublished\":\"2023-04-30T07:15:43+00:00\",\"dateModified\":\"2024-07-22T14:58:48+00:00\",\"breadcrumb\":{\"@id\":\"https:\\\/\\\/www.on-course.de\\\/en\\\/confirmation-of-registration-convince-competently-as-a-woman-in-a-mans-world-and-be-well-received\\\/#breadcrumb\"},\"inLanguage\":\"en-US\",\"potentialAction\":[{\"@type\":\"ReadAction\",\"target\":[\"https:\\\/\\\/www.on-course.de\\\/en\\\/confirmation-of-registration-convince-competently-as-a-woman-in-a-mans-world-and-be-well-received\\\/\"]}]},{\"@type\":\"BreadcrumbList\",\"@id\":\"https:\\\/\\\/www.on-course.de\\\/en\\\/confirmation-of-registration-convince-competently-as-a-woman-in-a-mans-world-and-be-well-received\\\/#breadcrumb\",\"itemListElement\":[{\"@type\":\"ListItem\",\"position\":1,\"name\":\"Home\",\"item\":\"https:\\\/\\\/www.on-course.de\\\/en\\\/professional-business-coaching-and-coaching\\\/\"},{\"@type\":\"ListItem\",\"position\":2,\"name\":\"Confirmation of registration &#8222;Convince competently as a woman in a man&#8217;s world and be well received!&#8220;\"}]},{\"@type\":\"WebSite\",\"@id\":\"https:\\\/\\\/www.on-course.de\\\/en\\\/#website\",\"url\":\"https:\\\/\\\/www.on-course.de\\\/en\\\/\",\"name\":\"On Course & Partner\",\"description\":\"\",\"publisher\":{\"@id\":\"https:\\\/\\\/www.on-course.de\\\/en\\\/#organization\"},\"potentialAction\":[{\"@type\":\"SearchAction\",\"target\":{\"@type\":\"EntryPoint\",\"urlTemplate\":\"https:\\\/\\\/www.on-course.de\\\/en\\\/?s={search_term_string}\"},\"query-input\":{\"@type\":\"PropertyValueSpecification\",\"valueRequired\":true,\"valueName\":\"search_term_string\"}}],\"inLanguage\":\"en-US\"},{\"@type\":\"Organization\",\"@id\":\"https:\\\/\\\/www.on-course.de\\\/en\\\/#organization\",\"name\":\"On Course & Partner\",\"url\":\"https:\\\/\\\/www.on-course.de\\\/en\\\/\",\"logo\":{\"@type\":\"ImageObject\",\"inLanguage\":\"en-US\",\"@id\":\"https:\\\/\\\/www.on-course.de\\\/en\\\/#\\\/schema\\\/logo\\\/image\\\/\",\"url\":\"https:\\\/\\\/www.on-course.de\\\/wp-content\\\/uploads\\\/2017\\\/12\\\/cropped-Logo_550x250.jpg\",\"contentUrl\":\"https:\\\/\\\/www.on-course.de\\\/wp-content\\\/uploads\\\/2017\\\/12\\\/cropped-Logo_550x250.jpg\",\"width\":492,\"height\":107,\"caption\":\"On Course & Partner\"},\"image\":{\"@id\":\"https:\\\/\\\/www.on-course.de\\\/en\\\/#\\\/schema\\\/logo\\\/image\\\/\"},\"sameAs\":[\"https:\\\/\\\/www.facebook.com\\\/oncourseCH\",\"https:\\\/\\\/x.com\\\/ChristlLang\",\"https:\\\/\\\/www.instagram.com\\\/christl.lang\\\/\",\"https:\\\/\\\/www.linkedin.com\\\/in\\\/christlang\\\/\",\"https:\\\/\\\/www.youtube.com\\\/playlist?list=PLOJzYCuTaN6Yv3IgRMTg60AZuwBsqgm81\"]}]}<\/script>\n<!-- \/ Yoast SEO plugin. -->","yoast_head_json":{"title":"Confirmation of registration \"Convince competently as a woman in a man's world and be well received!\" - On Course","robots":{"index":"index","follow":"follow","max-snippet":"max-snippet:-1","max-image-preview":"max-image-preview:large","max-video-preview":"max-video-preview:-1"},"canonical":"https:\/\/www.on-course.de\/en\/confirmation-of-registration-convince-competently-as-a-woman-in-a-mans-world-and-be-well-received\/","og_locale":"en_US","og_type":"article","og_title":"Confirmation of registration \"Convince competently as a woman in a man's world and be well received!\" - On Course","og_description":"&#13; That worked. You are there! I am very pleased about your trust! Your place in the two-day online workshop is reserved for you. &#13; The online workshop lasts from June 01, 2023 to June 02, 2023. We will meet online on both days at 09:00 h and work in a varied and interactive way [&hellip;]","og_url":"https:\/\/www.on-course.de\/en\/confirmation-of-registration-convince-competently-as-a-woman-in-a-mans-world-and-be-well-received\/","og_site_name":"On Course","article_publisher":"https:\/\/www.facebook.com\/oncourseCH","article_modified_time":"2024-07-22T14:58:48+00:00","twitter_card":"summary_large_image","twitter_site":"@ChristlLang","twitter_misc":{"Est. reading time":"2 minutes"},"schema":{"@context":"https:\/\/schema.org","@graph":[{"@type":"WebPage","@id":"https:\/\/www.on-course.de\/en\/confirmation-of-registration-convince-competently-as-a-woman-in-a-mans-world-and-be-well-received\/","url":"https:\/\/www.on-course.de\/en\/confirmation-of-registration-convince-competently-as-a-woman-in-a-mans-world-and-be-well-received\/","name":"Confirmation of registration \"Convince competently as a woman in a man's world and be well received!\" - On Course","isPartOf":{"@id":"https:\/\/www.on-course.de\/en\/#website"},"datePublished":"2023-04-30T07:15:43+00:00","dateModified":"2024-07-22T14:58:48+00:00","breadcrumb":{"@id":"https:\/\/www.on-course.de\/en\/confirmation-of-registration-convince-competently-as-a-woman-in-a-mans-world-and-be-well-received\/#breadcrumb"},"inLanguage":"en-US","potentialAction":[{"@type":"ReadAction","target":["https:\/\/www.on-course.de\/en\/confirmation-of-registration-convince-competently-as-a-woman-in-a-mans-world-and-be-well-received\/"]}]},{"@type":"BreadcrumbList","@id":"https:\/\/www.on-course.de\/en\/confirmation-of-registration-convince-competently-as-a-woman-in-a-mans-world-and-be-well-received\/#breadcrumb","itemListElement":[{"@type":"ListItem","position":1,"name":"Home","item":"https:\/\/www.on-course.de\/en\/professional-business-coaching-and-coaching\/"},{"@type":"ListItem","position":2,"name":"Confirmation of registration &#8222;Convince competently as a woman in a man&#8217;s world and be well received!&#8220;"}]},{"@type":"WebSite","@id":"https:\/\/www.on-course.de\/en\/#website","url":"https:\/\/www.on-course.de\/en\/","name":"On Course & Partner","description":"","publisher":{"@id":"https:\/\/www.on-course.de\/en\/#organization"},"potentialAction":[{"@type":"SearchAction","target":{"@type":"EntryPoint","urlTemplate":"https:\/\/www.on-course.de\/en\/?s={search_term_string}"},"query-input":{"@type":"PropertyValueSpecification","valueRequired":true,"valueName":"search_term_string"}}],"inLanguage":"en-US"},{"@type":"Organization","@id":"https:\/\/www.on-course.de\/en\/#organization","name":"On Course & Partner","url":"https:\/\/www.on-course.de\/en\/","logo":{"@type":"ImageObject","inLanguage":"en-US","@id":"https:\/\/www.on-course.de\/en\/#\/schema\/logo\/image\/","url":"https:\/\/www.on-course.de\/wp-content\/uploads\/2017\/12\/cropped-Logo_550x250.jpg","contentUrl":"https:\/\/www.on-course.de\/wp-content\/uploads\/2017\/12\/cropped-Logo_550x250.jpg","width":492,"height":107,"caption":"On Course & Partner"},"image":{"@id":"https:\/\/www.on-course.de\/en\/#\/schema\/logo\/image\/"},"sameAs":["https:\/\/www.facebook.com\/oncourseCH","https:\/\/x.com\/ChristlLang","https:\/\/www.instagram.com\/christl.lang\/","https:\/\/www.linkedin.com\/in\/christlang\/","https:\/\/www.youtube.com\/playlist?list=PLOJzYCuTaN6Yv3IgRMTg60AZuwBsqgm81"]}]}},"_links":{"self":[{"href":"https:\/\/www.on-course.de\/en\/wp-json\/wp\/v2\/pages\/10085","targetHints":{"allow":["GET"]}}],"collection":[{"href":"https:\/\/www.on-course.de\/en\/wp-json\/wp\/v2\/pages"}],"about":[{"href":"https:\/\/www.on-course.de\/en\/wp-json\/wp\/v2\/types\/page"}],"author":[{"embeddable":true,"href":"https:\/\/www.on-course.de\/en\/wp-json\/wp\/v2\/users\/2"}],"replies":[{"embeddable":true,"href":"https:\/\/www.on-course.de\/en\/wp-json\/wp\/v2\/comments?post=10085"}],"version-history":[{"count":1,"href":"https:\/\/www.on-course.de\/en\/wp-json\/wp\/v2\/pages\/10085\/revisions"}],"predecessor-version":[{"id":10086,"href":"https:\/\/www.on-course.de\/en\/wp-json\/wp\/v2\/pages\/10085\/revisions\/10086"}],"wp:attachment":[{"href":"https:\/\/www.on-course.de\/en\/wp-json\/wp\/v2\/media?parent=10085"}],"curies":[{"name":"wp","href":"https:\/\/api.w.org\/{rel}","templated":true}]}}